{"id":9,"date":"2024-07-23T06:03:19","date_gmt":"2024-07-23T06:03:19","guid":{"rendered":"https:\/\/eshop.arevatech.lt\/checkout\/"},"modified":"2024-11-14T16:48:58","modified_gmt":"2024-11-14T16:48:58","slug":"my-account-2","status":"publish","type":"page","link":"https:\/\/eshop.arevatech.lt\/en\/my-account-2\/","title":{"rendered":"Mano vartotojas"},"content":{"rendered":"<div data-elementor-type=\"wp-page\" data-elementor-id=\"9\" class=\"elementor elementor-9\" data-elementor-post-type=\"page\">\n\t\t\t\t<div class=\"has_eae_slider elementor-element elementor-element-94ffac7 e-flex e-con-boxed wpr-particle-no wpr-jarallax-no wpr-parallax-no wpr-sticky-section-no e-con e-parent\" data-eae-slider=\"76053\" data-id=\"94ffac7\" data-element_type=\"container\">\r\n\t\t\t\t\t<div class=\"e-con-inner\">\r\n\t\t\t\t<div class=\"elementor-element elementor-element-50a9658 pp-woo-tab-position-left pp-woo-my-account-button-auto exad-sticky-section-no exad-glass-effect-no elementor-widget elementor-widget-pp-woo-my-account\" data-id=\"50a9658\" data-element_type=\"widget\" data-widget_type=\"pp-woo-my-account.default\">\n\t\t\t\t<div class=\"elementor-widget-container\">\n\t\t\t\t\t\t\t<div class=\"pp-woocommerce pp-woo-my-account clearfix\">\n\t\t\t\n\t\t\t<div class=\"pp-woo-my-account\">\n\t\t\t\t\t\t\t\t\t<div class=\"woocommerce\"><div class=\"col-lg-10 mx-auto mb-4\">\r\n\t\t<div class=\"align-left\">\r\n\t\t<div class=\"box-content\">\r\n\t\t\t<div class=\"woocommerce-notices-wrapper\"><\/div>\r\n\t\t\t\r\n\t\t\t<div class=\"u-columns col2-set\" id=\"customer_login\">\r\n\r\n\t\t\t\t<div class=\"u-column1 col-1\">\r\n\r\n\t\t\t\t\t\t\t\t<form class=\"woocommerce-form woocommerce-form-login login pr-lg-4 pe-0\" method=\"post\" action=\"\">\r\n\t\t\t\t\t\t<h3 class=\"account-sub-title mb-2 font-weight-bold text-capitalize text-v-dark\" data-no-translation=\"\" data-trp-gettext=\"\">Login<\/h3>\r\n\t\t\t\t\t\t\t\t\t\t\t\t\t\t\t\t\t\t<p class=\"woocommerce-form-row woocommerce-form-row--wide form-row form-row-wide\">\r\n\t\t\t\t\t\t\t<label class=\"mb-1 font-weight-medium\" for=\"username\">Username or email address&nbsp;<span class=\"required\" aria-hidden=\"true\">*<\/span><span class=\"screen-reader-text\" data-no-translation=\"\" data-trp-gettext=\"\">Required<\/span><\/label>\r\n\t\t\t\t\t\t\t<input type=\"text\" class=\"woocommerce-Input woocommerce-Input--text input-text line-height-xl\" name=\"username\" id=\"username\" autocomplete=\"username\" value=\"\" required aria-required=\"true\" \/>\t\t\t\t\t\t<\/p>\r\n\t\t\t\t\t\t<p class=\"woocommerce-form-row woocommerce-form-row--wide form-row form-row-wide mb-2\">\r\n\t\t\t\t\t\t\t<label class=\"mb-1 font-weight-medium\" for=\"password\">Password&nbsp;<span class=\"required\" aria-hidden=\"true\">*<\/span><span class=\"screen-reader-text\" data-no-translation=\"\" data-trp-gettext=\"\">Required<\/span><\/label>\r\n\t\t\t\t\t\t\t<input class=\"woocommerce-Input woocommerce-Input--text input-text line-height-xl\" type=\"password\" name=\"password\" id=\"password\" autocomplete=\"current-password\" required aria-required=\"true\" \/>\r\n\t\t\t\t\t\t<\/p>\r\n\r\n\t\t\t\t\t\t\r\n\t\t\t\t\t\t<p class=\"status\" style=\"display: none;\"><\/p>\r\n\r\n\t\t\t\t\t\t<div class=\"woocommerce-LostPassword lost_password d-flex flex-column flex-sm-row justify-content-between mb-4\">\r\n\t\t\t\t\t\t\t<div class=\"porto-checkbox my-2 my-sm-0\">\r\n\t\t\t\t\t\t\t\t<input type=\"checkbox\" name=\"rememberme\" id=\"rememberme\" value=\"forever\" class=\"porto-control-input woocommerce-form__input woocommerce-form__input-checkbox\">\r\n\t\t\t\t\t\t\t\t<label class=\"porto-control-label no-radius\" for=\"rememberme\" data-no-translation=\"\" data-trp-gettext=\"\">Remember me<\/label>\r\n\t\t\t\t\t\t\t<\/div>\r\n\t\t\t\t\t\t\t<a href=\"https:\/\/eshop.arevatech.lt\/en\/my-account-2\/lost-password\/\" class=\"text-v-dark font-weight-semibold\">Forgot Password?<\/a>\r\n\t\t\t\t\t\t<\/div>\r\n\t\t\t\t\t\t<p class=\"form-row mb-3 mb-lg-0 pb-1 pb-lg-0\">\r\n\t\t\t\t\t\t\t<input type=\"hidden\" id=\"woocommerce-login-nonce\" name=\"woocommerce-login-nonce\" value=\"e5b6ae9ee2\" \/><input type=\"hidden\" name=\"_wp_http_referer\" value=\"\/en\/wp-json\/wp\/v2\/pages\/9\" \/>\t\t\t\t\t\t\t<button type=\"submit\" class=\"woocommerce-Button button login-btn btn-v-dark py-3 text-md w-100\" name=\"login\" value=\"Login\" data-no-translation=\"\" data-trp-gettext=\"\" data-no-translation-value=\"\">Login<\/button>\r\n\t\t\t\t\t\t<\/p>\r\n\t\t\t\t\t\t\t\t\t\t\t\t\t\t\t\t\t\t\t\t\t\t\t\t\t\t\t\t\t\t<input type=\"hidden\" name=\"trp-form-language\" value=\"en\"\/><\/form>\r\n\t\t\t\r\n\t\t\t\t<\/div>\r\n\t\t\t\t<div class=\"u-column2 col-2\">\r\n\t\t\t\t\t<form method=\"post\" class=\"woocommerce-form woocommerce-form-register register pl-lg-4 pe-0\" action=\"\"  >\r\n\t\t\t\t\t\t<h3 class=\"account-sub-title mb-2 font-weight-bold\" data-no-translation=\"\" data-trp-gettext=\"\">Register<\/h3>\r\n\t\t\t\t\t\t\r\n\t\t\t\t\t\t\r\n\t\t\t\t\t\t<p class=\"woocommerce-form-row woocommerce-form-row--wide form-row form-row-wide\">\r\n\t\t\t\t\t\t\t<label class=\"font-weight-medium mb-1\" for=\"reg_email\">Email address&nbsp;<span class=\"required\" aria-hidden=\"true\">*<\/span><span class=\"screen-reader-text\" data-no-translation=\"\" data-trp-gettext=\"\">Required<\/span><\/label>\r\n\t\t\t\t\t\t\t<input type=\"email\" class=\"woocommerce-Input woocommerce-Input--text line-height-xl input-text\" name=\"email\" id=\"reg_email\" autocomplete=\"email\" value=\"\" required aria-required=\"true\" \/>\t\t\t\t\t\t<\/p>\r\n\r\n\t\t\t\t\t\t\r\n\t\t\t\t\t\t\t<p data-no-translation=\"\" data-trp-gettext=\"\">A link to set a new password will be sent to your email address.<\/p>\r\n\r\n\t\t\t\t\t\t\r\n\t\t\t\t\t\t<wc-order-attribution-inputs><\/wc-order-attribution-inputs><div class=\"woocommerce-privacy-policy-text\"><p>J\u016bs\u0173 asmens duomenys bus naudojami j\u016bs\u0173 patir\u010diai \u0161ioje svetain\u0117je palaikyti, prieigai prie j\u016bs\u0173 paskyros valdyti ir kitiems m\u016bs\u0173 [privatumo politikoje] apra\u0161ytiems tikslams.<\/p>\n<\/div>\r\n\t\t\t\t\t\t<p class=\"status\" style=\"display: none;\"><\/p>\r\n\r\n\t\t\t\t\t\t<p class=\"woocommerce-form-row form-row mb-0\">\r\n\t\t\t\t\t\t\t<input type=\"hidden\" id=\"woocommerce-register-nonce\" name=\"woocommerce-register-nonce\" value=\"8b230db2eb\" \/><input type=\"hidden\" name=\"_wp_http_referer\" value=\"\/en\/wp-json\/wp\/v2\/pages\/9\" \/>\t\t\t\t\t\t\t<button type=\"submit\" class=\"woocommerce-Button button register-btn btn-v-dark text-md py-3 w-100\" name=\"register\" value=\"Register\" data-no-translation=\"\" data-trp-gettext=\"\" data-no-translation-value=\"\">Register<\/button>\r\n\t\t\t\t\t\t<\/p>\r\n\r\n\t\t\t\t\t\t\r\n\t\t\t\t\t<input type=\"hidden\" name=\"trp-form-language\" value=\"en\"\/><\/form>\r\n\r\n\t\t\t\t<\/div>\r\n\t\t\t<\/div>\r\n\t\t\t\r\n\t\t\t\t\t<\/div>\r\n\t<\/div>\r\n<\/div>\r\n<\/div>\t\t\t\t\t\t\t<\/div>\n\n\t\t\t\t\t<\/div>\n\t\t\t\t\t\t<\/div>\n\t\t\t\t<\/div>\n\t\t\t\t\t<\/div>\n\t\t\t\t<\/div>\n\t\t\t\t<\/div>","protected":false},"excerpt":{"rendered":"","protected":false},"author":1,"featured_media":0,"parent":0,"menu_order":0,"comment_status":"closed","ping_status":"closed","template":"","meta":{"footnotes":""},"class_list":["post-9","page","type-page","status-publish","hentry"],"aioseo_notices":[],"jetpack_sharing_enabled":true,"_links":{"self":[{"href":"https:\/\/eshop.arevatech.lt\/en\/wp-json\/wp\/v2\/pages\/9","targetHints":{"allow":["GET"]}}],"collection":[{"href":"https:\/\/eshop.arevatech.lt\/en\/wp-json\/wp\/v2\/pages"}],"about":[{"href":"https:\/\/eshop.arevatech.lt\/en\/wp-json\/wp\/v2\/types\/page"}],"author":[{"embeddable":true,"href":"https:\/\/eshop.arevatech.lt\/en\/wp-json\/wp\/v2\/users\/1"}],"replies":[{"embeddable":true,"href":"https:\/\/eshop.arevatech.lt\/en\/wp-json\/wp\/v2\/comments?post=9"}],"version-history":[{"count":13,"href":"https:\/\/eshop.arevatech.lt\/en\/wp-json\/wp\/v2\/pages\/9\/revisions"}],"predecessor-version":[{"id":6593,"href":"https:\/\/eshop.arevatech.lt\/en\/wp-json\/wp\/v2\/pages\/9\/revisions\/6593"}],"wp:attachment":[{"href":"https:\/\/eshop.arevatech.lt\/en\/wp-json\/wp\/v2\/media?parent=9"}],"curies":[{"name":"wp","href":"https:\/\/api.w.org\/{rel}","templated":true}]}}