{"id":6238,"date":"2024-10-06T12:44:01","date_gmt":"2024-10-06T12:44:01","guid":{"rendered":"https:\/\/eshop.arevatech.lt\/?page_id=6238"},"modified":"2024-10-07T15:51:16","modified_gmt":"2024-10-07T15:51:16","slug":"rekvizitai","status":"publish","type":"page","link":"https:\/\/eshop.arevatech.lt\/en\/rekvizitai\/","title":{"rendered":"Rekvizitai"},"content":{"rendered":"<div data-elementor-type=\"wp-page\" data-elementor-id=\"6238\" class=\"elementor elementor-6238\" data-elementor-post-type=\"page\">\n\t\t\t\t<div class=\"has_eae_slider elementor-element elementor-element-f308f2d e-flex e-con-boxed wpr-particle-no wpr-jarallax-no wpr-parallax-no wpr-sticky-section-no e-con e-parent\" data-eae-slider=\"4504\" data-id=\"f308f2d\" data-element_type=\"container\">\r\n\t\t\t\t\t<div class=\"e-con-inner\">\r\n\t\t\t\t<div class=\"elementor-element elementor-element-88efc26 exad-sticky-section-no exad-glass-effect-no elementor-widget elementor-widget-porto_ultimate_heading\" data-id=\"88efc26\" data-element_type=\"widget\" data-widget_type=\"porto_ultimate_heading.default\">\n\t\t\t\t<div class=\"elementor-widget-container\">\n\t\t\t\t\t<div class=\"porto-u-heading  porto-u-ad87e2eaf3f9c495180fe0156ddf3eb0\"><div class=\"porto-u-main-heading\"><h2   >\u012emon\u0117s rekvizitai<\/h2><\/div><style>.porto-u-ad87e2eaf3f9c495180fe0156ddf3eb0.porto-u-heading{text-align:left}<\/style><\/div>\t\t\t\t<\/div>\n\t\t\t\t<\/div>\n\t\t\t\t\t<\/div>\n\t\t\t\t<\/div>\n\t\t<div class=\"has_eae_slider elementor-element elementor-element-0d04b58 e-flex e-con-boxed wpr-particle-no wpr-jarallax-no wpr-parallax-no wpr-sticky-section-no e-con e-parent\" data-eae-slider=\"1584\" data-id=\"0d04b58\" data-element_type=\"container\">\r\n\t\t\t\t\t<div class=\"e-con-inner\">\r\n\t\t\t\t<div class=\"elementor-element elementor-element-25886e7 exad-sticky-section-no exad-glass-effect-no elementor-widget elementor-widget-text-editor\" data-id=\"25886e7\" data-element_type=\"widget\" data-widget_type=\"text-editor.default\">\n\t\t\t\t<div class=\"elementor-widget-container\">\n\t\t\t\t\t\t\t\t\t<p>\u0160iame puslapyje pateikiame visus reikalingus juridinius duomenis apie \u012fmon\u0119 <strong>Arevatech, MB<\/strong>.<\/p><h3>\u012emon\u0117s pavadinimas:<\/h3><p><strong>Arevatech, MB<\/strong><\/p><h3>\u012emon\u0117s kodas:<\/h3><p>305977316<\/p><h3>PVM mok\u0117tojo kodas:<\/h3><p>LT100014674415<\/p><h3>Telefonas:<\/h3><p>+370 653 89506<\/p><h3>El. pa\u0161tas:<\/h3><p>info@arevatech.lt<\/p><h3>Banko rekvizitai:<\/h3><p><strong>Bankas:<\/strong> AB &#8222;Swedbank&#8221;<br \/><strong>S\u0105skaitos numeris:<\/strong> LT507300010170851173<br \/><strong>SWIFT\/BIC kodas:<\/strong> HABALT22<\/p>\t\t\t\t\t\t\t\t<\/div>\n\t\t\t\t<\/div>\n\t\t\t\t\t<\/div>\n\t\t\t\t<\/div>\n\t\t\t\t<\/div>","protected":false},"excerpt":{"rendered":"<p>\u012emon\u0117s rekvizitai \u0160iame puslapyje pateikiame visus reikalingus juridinius duomenis apie \u012fmon\u0119 Arevatech, MB. \u012emon\u0117s pavadinimas: Arevatech, MB \u012emon\u0117s kodas: 305977316 PVM mok\u0117tojo kodas: LT100014674415 Telefonas: +370 653 89506 El. pa\u0161tas: info@arevatech.lt Banko rekvizitai: Bankas: AB &#8222;Swedbank&#8221;S\u0105skaitos numeris: LT507300010170851173SWIFT\/BIC kodas: HABALT22<\/p>","protected":false},"author":1,"featured_media":0,"parent":0,"menu_order":0,"comment_status":"closed","ping_status":"closed","template":"","meta":{"footnotes":""},"class_list":["post-6238","page","type-page","status-publish","hentry"],"aioseo_notices":[],"jetpack_sharing_enabled":true,"_links":{"self":[{"href":"https:\/\/eshop.arevatech.lt\/en\/wp-json\/wp\/v2\/pages\/6238","targetHints":{"allow":["GET"]}}],"collection":[{"href":"https:\/\/eshop.arevatech.lt\/en\/wp-json\/wp\/v2\/pages"}],"about":[{"href":"https:\/\/eshop.arevatech.lt\/en\/wp-json\/wp\/v2\/types\/page"}],"author":[{"embeddable":true,"href":"https:\/\/eshop.arevatech.lt\/en\/wp-json\/wp\/v2\/users\/1"}],"replies":[{"embeddable":true,"href":"https:\/\/eshop.arevatech.lt\/en\/wp-json\/wp\/v2\/comments?post=6238"}],"version-history":[{"count":10,"href":"https:\/\/eshop.arevatech.lt\/en\/wp-json\/wp\/v2\/pages\/6238\/revisions"}],"predecessor-version":[{"id":6361,"href":"https:\/\/eshop.arevatech.lt\/en\/wp-json\/wp\/v2\/pages\/6238\/revisions\/6361"}],"wp:attachment":[{"href":"https:\/\/eshop.arevatech.lt\/en\/wp-json\/wp\/v2\/media?parent=6238"}],"curies":[{"name":"wp","href":"https:\/\/api.w.org\/{rel}","templated":true}]}}